{"id":24,"date":"2013-09-17T07:59:27","date_gmt":"2013-09-17T07:59:27","guid":{"rendered":"http:\/\/sok2012.home.pl\/zywioly\/?page_id=24"},"modified":"2024-10-24T07:43:34","modified_gmt":"2024-10-24T07:43:34","slug":"kontakt","status":"publish","type":"page","link":"http:\/\/czteryzywiolyslowa.pl\/?page_id=24","title":{"rendered":"Kontakt"},"content":{"rendered":"\n<p><\/p>\n\n\n\n<div class=\"wp-block-columns alignwide\">\n<div class=\"wp-block-column\" style=\"flex-basis:100%\">\n<div class=\"wp-block-columns\">\n<div class=\"wp-block-column\" style=\"flex-basis:33.33%\">\n<p class=\"has-text-align-center\"><strong>Organizator:<\/strong><\/p>\n\n\n\n<p class=\"has-text-align-center\">\u015awidnicki O\u015brodek Kultury<br>Rynek 43<br>58-100 \u015awidnica<\/p>\n<\/div>\n\n\n\n<div class=\"wp-block-column\" style=\"flex-basis:66.66%\">\n<p class=\"has-text-align-center\">Koordynatorzy:<\/p>\n\n\n\n<p class=\"has-text-align-center\">Halina Szyma\u0144ska<a href=\"mailto:h.szymanska@sok.com.pl\">\u00a0<em>h.szymanska@sok.com.pl<\/em><\/a><\/p>\n<\/div>\n<\/div>\n<\/div>\n<\/div>\n\n\n\n<p><\/p>\n","protected":false},"excerpt":{"rendered":"<p>Organizator: \u015awidnicki O\u015brodek KulturyRynek 4358-100 \u015awidnica Koordynatorzy: Halina Szyma\u0144ska\u00a0h.szymanska@sok.com.pl<\/p>\n","protected":false},"author":2,"featured_media":0,"parent":0,"menu_order":23,"comment_status":"closed","ping_status":"open","template":"","meta":[],"_links":{"self":[{"href":"http:\/\/czteryzywiolyslowa.pl\/index.php?rest_route=\/wp\/v2\/pages\/24"}],"collection":[{"href":"http:\/\/czteryzywiolyslowa.pl\/index.php?rest_route=\/wp\/v2\/pages"}],"about":[{"href":"http:\/\/czteryzywiolyslowa.pl\/index.php?rest_route=\/wp\/v2\/types\/page"}],"author":[{"embeddable":true,"href":"http:\/\/czteryzywiolyslowa.pl\/index.php?rest_route=\/wp\/v2\/users\/2"}],"replies":[{"embeddable":true,"href":"http:\/\/czteryzywiolyslowa.pl\/index.php?rest_route=%2Fwp%2Fv2%2Fcomments&post=24"}],"version-history":[{"count":12,"href":"http:\/\/czteryzywiolyslowa.pl\/index.php?rest_route=\/wp\/v2\/pages\/24\/revisions"}],"predecessor-version":[{"id":1386,"href":"http:\/\/czteryzywiolyslowa.pl\/index.php?rest_route=\/wp\/v2\/pages\/24\/revisions\/1386"}],"wp:attachment":[{"href":"http:\/\/czteryzywiolyslowa.pl\/index.php?rest_route=%2Fwp%2Fv2%2Fmedia&parent=24"}],"curies":[{"name":"wp","href":"https:\/\/api.w.org\/{rel}","templated":true}]}}