{"id":1357,"date":"2023-10-20T11:20:49","date_gmt":"2023-10-20T11:20:49","guid":{"rendered":"http:\/\/czteryzywiolyslowa.pl\/?page_id=1357"},"modified":"2024-12-06T15:29:27","modified_gmt":"2024-12-06T15:29:27","slug":"edycja-2023","status":"publish","type":"page","link":"http:\/\/czteryzywiolyslowa.pl\/?page_id=1357","title":{"rendered":"Edycja 2024 \u2014 program"},"content":{"rendered":"\n<p><\/p>\n\n\n\n<p><strong>6 listopada<\/strong> (\u015broda), godz. 18:00<br>sala teatralna \u015aOK, Rynek 43, wst\u0119p wolny<br><strong>Udar w Ministerstwie Wyja\u015bnie\u0144<br><\/strong>spektakl po\u0142\u0105czony z promocj\u0105 ksi\u0105\u017cki o tym samym tytule<br><a href=\"https:\/\/sok.com.pl\/wydarzenie\/udar-w-ministerstwie-wyjasnien\/\">szczeg\u00f3\u0142y<\/a><\/p>\n\n\n\n<figure class=\"wp-block-image size-large\"><a href=\"http:\/\/czteryzywiolyslowa.pl\/wp-content\/uploads\/2024\/10\/ap_jl_plakat_70x100cm_udar_2_2024-10-21.jpg\"><img loading=\"lazy\" width=\"717\" height=\"1024\" src=\"http:\/\/czteryzywiolyslowa.pl\/wp-content\/uploads\/2024\/10\/ap_jl_plakat_70x100cm_udar_2_2024-10-21-717x1024.jpg\" alt=\"\" class=\"wp-image-1382\" srcset=\"http:\/\/czteryzywiolyslowa.pl\/wp-content\/uploads\/2024\/10\/ap_jl_plakat_70x100cm_udar_2_2024-10-21-717x1024.jpg 717w, http:\/\/czteryzywiolyslowa.pl\/wp-content\/uploads\/2024\/10\/ap_jl_plakat_70x100cm_udar_2_2024-10-21-210x300.jpg 210w, http:\/\/czteryzywiolyslowa.pl\/wp-content\/uploads\/2024\/10\/ap_jl_plakat_70x100cm_udar_2_2024-10-21-768x1097.jpg 768w, http:\/\/czteryzywiolyslowa.pl\/wp-content\/uploads\/2024\/10\/ap_jl_plakat_70x100cm_udar_2_2024-10-21-1075x1536.jpg 1075w, http:\/\/czteryzywiolyslowa.pl\/wp-content\/uploads\/2024\/10\/ap_jl_plakat_70x100cm_udar_2_2024-10-21.jpg 1400w\" sizes=\"(max-width: 717px) 100vw, 717px\" \/><\/a><\/figure>\n\n\n\n<p><strong>13 listopada<\/strong> (\u015broda), godz. 18:00<br>Galeria Fotografii, Rynek 44, wst\u0119p wolny<br><strong>Podcastex<br><\/strong>spotkanie na \u017cywo z autorami Podcastexu: Bartkiem Przybyszewskim i Mateuszem Witkowskim<br><a href=\"https:\/\/sok.com.pl\/wydarzenie\/podcastex-na-zywo\/\">szczeg\u00f3\u0142y<\/a><\/p>\n\n\n\n<figure class=\"wp-block-image size-large\"><a href=\"http:\/\/czteryzywiolyslowa.pl\/wp-content\/uploads\/2024\/10\/B2_Podcastex.jpg\"><img loading=\"lazy\" width=\"725\" height=\"1024\" src=\"http:\/\/czteryzywiolyslowa.pl\/wp-content\/uploads\/2024\/10\/B2_Podcastex-725x1024.jpg\" alt=\"\" class=\"wp-image-1383\" srcset=\"http:\/\/czteryzywiolyslowa.pl\/wp-content\/uploads\/2024\/10\/B2_Podcastex-725x1024.jpg 725w, http:\/\/czteryzywiolyslowa.pl\/wp-content\/uploads\/2024\/10\/B2_Podcastex-213x300.jpg 213w, http:\/\/czteryzywiolyslowa.pl\/wp-content\/uploads\/2024\/10\/B2_Podcastex-768x1084.jpg 768w, http:\/\/czteryzywiolyslowa.pl\/wp-content\/uploads\/2024\/10\/B2_Podcastex-1088x1536.jpg 1088w, http:\/\/czteryzywiolyslowa.pl\/wp-content\/uploads\/2024\/10\/B2_Podcastex.jpg 1378w\" sizes=\"(max-width: 725px) 100vw, 725px\" \/><\/a><\/figure>\n\n\n\n<p><strong>28 listopada<\/strong> (czwartek)<br>og\u0142oszenie Og\u00f3lnopolskiego Konkursu Wiersza Obrazkowego (<strong>pula nagr\u00f3d 2000 z\u0142<\/strong>, termin przysy\u0142ania prac w formie elektronicznej <strong>do dnia 14 listopada 2023<\/strong>. Wyniki konkursu w formie on-line zostan\u0105 og\u0142oszone 6 grudnia 2024 o godz. 16.00 na stronie www.sok.com.pl, www.czteryzywiolyslowa.pl i fanpage\u2019u FB \u015awidnickiego O\u015brodka Kultury)<br><a href=\"https:\/\/sok.com.pl\/ogolnopolski-konkurs-wiersza-obrazkowego\/\">szczeg\u00f3\u0142y<\/a><\/p>\n\n\n\n<p>Wyniki:<\/p>\n\n\n\n<p>Jury w sk\u0142adzie:<br>Marta Ciu\u0107ka \u2013 graficzka, plastyczka<br>Andrzej B\u0142a\u017cewicz \u2013 re\u017cyser, dramaturg, poeta<br>Krzysztof Dix \u2013 kulturoznawca, t\u0142umacz<br>tj. Jury Og\u00f3lnopolskiego Konkursu na Wiersz Obrazkowy, odbywaj\u0105cego si\u0119 w ramach wydarzenia Cztery \u017bywio\u0142y S\u0142owa, kt\u00f3rego organizatorem jest \u015awidnicki O\u015brodek Kultury, zapozna\u0142o si\u0119 ze 120 nades\u0142anymi pracami reprezentuj\u0105cymi dwie kategorie wiekowe (do 15 lat \u2013 42 wiersze i od 16 lat \u2013 78 wierszy) i podj\u0119\u0142o nast\u0119puj\u0105ce rozstrzygni\u0119cia:<\/p>\n\n\n\n<p><strong>NAGRODY g\u0142\u00f3wne po 400 z\u0142 otrzymuj\u0105:<\/strong><br>Victoria Balakhanova \u201eLabirynt \u017cycia\u201d (kategoria do lat 15)<br>O\u0142ena Cikuj \u201eBocianica\u201d (kategoria od lat 16)<br>Karolina Warcha\u0142 \u201eElementarz\u201d (kategoria od lat 16)<\/p>\n\n\n\n<p><strong>WYR\u00d3\u017bNIENIA po 200 z\u0142 otrzymuj\u0105:<\/strong><br>Julia Dawidziuk \u201eCzerwony buntownik\u201d (kategoria do lat 15)<br>Marta Warszawska \u201eM\u00f3j cie\u0144\u201d (kategoria do lat 15)<br>Marcelina Oziemska-Detko \u201eChoroba\u201d (kategoria do lat 15)<br>Aneta Zaczkiewicz \u201eKwiaty\u201d (kategoria od lat 16)<\/p>\n\n\n\n<figure class=\"wp-block-image\"><img src=\"https:\/\/sok.com.pl\/wp-content\/uploads\/2024\/12\/Minimalist-Vintage-Line-A4-Stationery-Paper-Document-6-580x820.png\" alt=\"\" class=\"wp-image-39079\"\/><\/figure>\n\n\n\n<figure class=\"wp-block-image\"><img src=\"https:\/\/sok.com.pl\/wp-content\/uploads\/2024\/12\/Minimalist-Vintage-Line-A4-Stationery-Paper-Document-5-580x410.png\" alt=\"\" class=\"wp-image-39080\"\/><\/figure>\n\n\n\n<figure class=\"wp-block-image\"><img src=\"https:\/\/sok.com.pl\/wp-content\/uploads\/2024\/12\/Minimalist-Vintage-Line-A4-Stationery-Paper-Document-4-580x410.png\" alt=\"\" class=\"wp-image-39081\"\/><\/figure>\n\n\n\n<figure class=\"wp-block-image\"><img src=\"https:\/\/sok.com.pl\/wp-content\/uploads\/2024\/12\/Minimalist-Vintage-Line-A4-Stationery-Paper-Document-3-580x820.png\" alt=\"\" class=\"wp-image-39082\"\/><\/figure>\n\n\n\n<figure class=\"wp-block-image\"><img src=\"https:\/\/sok.com.pl\/wp-content\/uploads\/2024\/12\/Minimalist-Vintage-Line-A4-Stationery-Paper-Document-2-580x820.png\" alt=\"\" class=\"wp-image-39083\"\/><\/figure>\n\n\n\n<figure class=\"wp-block-image\"><img src=\"https:\/\/sok.com.pl\/wp-content\/uploads\/2024\/12\/Minimalist-Vintage-Line-A4-Stationery-Paper-Document-1-580x820.png\" alt=\"\" class=\"wp-image-39084\"\/><\/figure>\n\n\n\n<figure class=\"wp-block-image\"><img src=\"https:\/\/sok.com.pl\/wp-content\/uploads\/2024\/12\/moj-cien-Marta-Warszawska_page-0001-580x798.jpg\" alt=\"\" class=\"wp-image-39086\"\/><\/figure>\n\n\n\n<figure class=\"wp-block-image size-large\"><a href=\"http:\/\/czteryzywiolyslowa.pl\/wp-content\/uploads\/2024\/10\/Plakat_konkurs_wiersz_obrazkowy_2024.jpg\"><img loading=\"lazy\" width=\"723\" height=\"1024\" src=\"http:\/\/czteryzywiolyslowa.pl\/wp-content\/uploads\/2024\/10\/Plakat_konkurs_wiersz_obrazkowy_2024-723x1024.jpg\" alt=\"\" class=\"wp-image-1378\" srcset=\"http:\/\/czteryzywiolyslowa.pl\/wp-content\/uploads\/2024\/10\/Plakat_konkurs_wiersz_obrazkowy_2024-723x1024.jpg 723w, http:\/\/czteryzywiolyslowa.pl\/wp-content\/uploads\/2024\/10\/Plakat_konkurs_wiersz_obrazkowy_2024-212x300.jpg 212w, http:\/\/czteryzywiolyslowa.pl\/wp-content\/uploads\/2024\/10\/Plakat_konkurs_wiersz_obrazkowy_2024-768x1088.jpg 768w, http:\/\/czteryzywiolyslowa.pl\/wp-content\/uploads\/2024\/10\/Plakat_konkurs_wiersz_obrazkowy_2024-1085x1536.jpg 1085w, http:\/\/czteryzywiolyslowa.pl\/wp-content\/uploads\/2024\/10\/Plakat_konkurs_wiersz_obrazkowy_2024.jpg 1362w\" sizes=\"(max-width: 723px) 100vw, 723px\" \/><\/a><\/figure>\n\n\n\n<p><\/p>\n","protected":false},"excerpt":{"rendered":"<p>6 listopada (\u015broda), godz. 18:00sala teatralna \u015aOK, Rynek 43, wst\u0119p wolnyUdar w Ministerstwie Wyja\u015bnie\u0144spektakl po\u0142\u0105czony z promocj\u0105 ksi\u0105\u017cki o tym samym tytuleszczeg\u00f3\u0142y 13 listopada (\u015broda), godz. 18:00Galeria Fotografii, Rynek 44, wst\u0119p wolnyPodcastexspotkanie na \u017cywo z autorami Podcastexu: Bartkiem Przybyszewskim i Mateuszem Witkowskimszczeg\u00f3\u0142y 28 listopada (czwartek)og\u0142oszenie Og\u00f3lnopolskiego Konkursu Wiersza Obrazkowego (pula nagr\u00f3d 2000 z\u0142, termin przysy\u0142ania &#8230; <a title=\"Edycja 2024 \u2014 program\" class=\"read-more\" href=\"http:\/\/czteryzywiolyslowa.pl\/?page_id=1357\" aria-label=\"More on Edycja 2024 \u2014 program\">Czytaj dalej<\/a><\/p>\n","protected":false},"author":1,"featured_media":0,"parent":0,"menu_order":0,"comment_status":"closed","ping_status":"closed","template":"","meta":[],"_links":{"self":[{"href":"http:\/\/czteryzywiolyslowa.pl\/index.php?rest_route=\/wp\/v2\/pages\/1357"}],"collection":[{"href":"http:\/\/czteryzywiolyslowa.pl\/index.php?rest_route=\/wp\/v2\/pages"}],"about":[{"href":"http:\/\/czteryzywiolyslowa.pl\/index.php?rest_route=\/wp\/v2\/types\/page"}],"author":[{"embeddable":true,"href":"http:\/\/czteryzywiolyslowa.pl\/index.php?rest_route=\/wp\/v2\/users\/1"}],"replies":[{"embeddable":true,"href":"http:\/\/czteryzywiolyslowa.pl\/index.php?rest_route=%2Fwp%2Fv2%2Fcomments&post=1357"}],"version-history":[{"count":17,"href":"http:\/\/czteryzywiolyslowa.pl\/index.php?rest_route=\/wp\/v2\/pages\/1357\/revisions"}],"predecessor-version":[{"id":1416,"href":"http:\/\/czteryzywiolyslowa.pl\/index.php?rest_route=\/wp\/v2\/pages\/1357\/revisions\/1416"}],"wp:attachment":[{"href":"http:\/\/czteryzywiolyslowa.pl\/index.php?rest_route=%2Fwp%2Fv2%2Fmedia&parent=1357"}],"curies":[{"name":"wp","href":"https:\/\/api.w.org\/{rel}","templated":true}]}}